{"id":30,"date":"2011-07-28T17:48:21","date_gmt":"2011-07-28T14:48:21","guid":{"rendered":"http:\/\/www.razvanbocu.bocu.ro\/?page_id=30"},"modified":"2026-03-24T13:02:53","modified_gmt":"2026-03-24T11:02:53","slug":"contracte-de-cercetare-research-grants","status":"publish","type":"page","link":"http:\/\/www.razvanbocu.bocu.ro\/?page_id=30","title":{"rendered":"Contracte de cercetare \/ Research grants"},"content":{"rendered":"\n<p><strong>25-SRNSFG-FR-286<\/strong><\/p>\n\n\n\n<p><strong>Internet\u00a0Fragmentation\u00a0in the Black Sea Region through Cyber Threats, Geopolitical Drivers and Regional Resilience<\/strong><\/p>\n\n\n\n<p><strong>NATO &#8211; G7394<\/strong><\/p>\n\n\n\n<p><strong>Post-quantum Digital Signature using Verkle Trees<\/strong><\/p>\n\n\n\n<p>This project aims to address the emerging challenges of post-quantum cryptography by pioneering a digital signature system utilizing the innovative Verkle tree construction. This novel approach significantly reduces proof sizes, thereby enhancing both security and computational efficiency.<\/p>\n\n\n\n<p>A key focus of the project is the integration of a pseudo-random number generator with a quantum random number generator to ensure enhanced robustness and reliability.<\/p>\n\n\n\n<p>This project is strongly linked to security, particularly in the fields of cryptography and cybersecurity. Its primary objective is to develop a novel post-quantum digital signature scheme by combining Verkle trees, polynomial commitments, and vector commitments. This approach reflects a proactive stance in addressing the potential threats quantum computing poses to current cryptographic systems, ensuring a secure and efficient future for digital communications.<\/p>\n\n\n\n<p>Dates: 2025-2027<\/p>\n\n\n\n<p>Duration: 2 years<\/p>\n\n\n\n<p>Funding source: NATO<\/p>\n\n\n<p><strong>Interactome Networks for Cancer Study<\/strong> \/ Contract de cercetare individual, \u00een valoare de 103000 dolari americani. Insititu\u0163ia finan\u0163atoare este Guvernul Irlandei, iar num\u0103rul de identificare al contractului de cercetare este RS\/2007\/166. Perioada desf\u0103\u015fur\u0103rii este octombrie 2007-septembrie 2010. Contractul de cercetare s-a finalizat cu succes, prin sus\u0163inerea tezei de doctorat \u00een septembrie 2010. De asemenea, toate articolele publicate \u00een intervalul 2007-2010 sunt rezultate directe ale activit\u0103\u0163ii de cercetare pe care acest contract a f\u0103cut-o posibil\u0103.<\/p>\n<p><strong>Interactome Networks for Cancer Study <\/strong>\/ This is an individual research grant with a value of 103,000 American dollars. The funding body is the Government of Ireland, and the identification number of this research grant is RS\/2007\/166. The related scientific activity has been conducted between October 2007-September 2010, and finalized successfully through the defense of my PhD Thesis, which is titled &#8222;Efficient Algorithms for Interactome Networks&#8221;, in September 2010. Moreover, all the published papers between 2007-2010 represent direct outcomes of the research activity that this research contract made possible.<\/p>\n<p>&nbsp;<\/p>","protected":false},"excerpt":{"rendered":"<p>25-SRNSFG-FR-286 Internet\u00a0Fragmentation\u00a0in the Black Sea Region through Cyber Threats, Geopolitical Drivers and Regional Resilience NATO &#8211; G7394 Post-quantum Digital Signature using Verkle Trees This project aims to address the emerging challenges of post-quantum cryptography by pioneering a digital signature system &hellip; <a href=\"http:\/\/www.razvanbocu.bocu.ro\/?page_id=30\">Continu\u0103 s\u0103 cite\u0219ti <span class=\"meta-nav\">&rarr;<\/span><\/a><\/p>\n","protected":false},"author":1,"featured_media":0,"parent":18,"menu_order":0,"comment_status":"closed","ping_status":"open","template":"","meta":{"footnotes":""},"class_list":["post-30","page","type-page","status-publish","hentry"],"_links":{"self":[{"href":"http:\/\/www.razvanbocu.bocu.ro\/index.php?rest_route=\/wp\/v2\/pages\/30","targetHints":{"allow":["GET"]}}],"collection":[{"href":"http:\/\/www.razvanbocu.bocu.ro\/index.php?rest_route=\/wp\/v2\/pages"}],"about":[{"href":"http:\/\/www.razvanbocu.bocu.ro\/index.php?rest_route=\/wp\/v2\/types\/page"}],"author":[{"embeddable":true,"href":"http:\/\/www.razvanbocu.bocu.ro\/index.php?rest_route=\/wp\/v2\/users\/1"}],"replies":[{"embeddable":true,"href":"http:\/\/www.razvanbocu.bocu.ro\/index.php?rest_route=%2Fwp%2Fv2%2Fcomments&post=30"}],"version-history":[{"count":3,"href":"http:\/\/www.razvanbocu.bocu.ro\/index.php?rest_route=\/wp\/v2\/pages\/30\/revisions"}],"predecessor-version":[{"id":405,"href":"http:\/\/www.razvanbocu.bocu.ro\/index.php?rest_route=\/wp\/v2\/pages\/30\/revisions\/405"}],"up":[{"embeddable":true,"href":"http:\/\/www.razvanbocu.bocu.ro\/index.php?rest_route=\/wp\/v2\/pages\/18"}],"wp:attachment":[{"href":"http:\/\/www.razvanbocu.bocu.ro\/index.php?rest_route=%2Fwp%2Fv2%2Fmedia&parent=30"}],"curies":[{"name":"wp","href":"https:\/\/api.w.org\/{rel}","templated":true}]}}