{"id":13,"date":"2011-07-28T14:17:00","date_gmt":"2011-07-28T11:17:00","guid":{"rendered":"http:\/\/www.razvanbocu.bocu.ro\/?page_id=13"},"modified":"2025-02-09T22:11:58","modified_gmt":"2025-02-09T20:11:58","slug":"cv","status":"publish","type":"page","link":"https:\/\/www.razvanbocu.bocu.ro\/?page_id=13","title":{"rendered":"CV"},"content":{"rendered":"<p>Varianta \u00een limba rom\u00e2n\u0103 a CV-ului poate fi consultat\u0103 acces\u00e2nd leg\u0103tura de mai jos. \/ The Romanian language version of my vita can be downloaded through the link below. It may be translated to English using Google Translate or other similar utility, if necessary.<\/p>\n<p><a title=\"CV_RazvanBocu\" href=\"http:\/\/razvanbocu.bocu.ro\/Downloads\/CV_RazvanBocu.pdf\" target=\"_blank\" rel=\"noopener\">CV_RazvanBocu<\/a> \/\/ Ultima actualizare \/ Last updated: 09.02.2025<\/p>\n","protected":false},"excerpt":{"rendered":"<p>Varianta \u00een limba rom\u00e2n\u0103 a CV-ului poate fi consultat\u0103 acces\u00e2nd leg\u0103tura de mai jos. \/ The Romanian language version of my vita can be downloaded through the link below. It may be translated to English using Google Translate or other &hellip; <a href=\"https:\/\/www.razvanbocu.bocu.ro\/?page_id=13\">Continu\u0103 s\u0103 cite\u0219ti <span class=\"meta-nav\">&rarr;<\/span><\/a><\/p>\n","protected":false},"author":1,"featured_media":0,"parent":0,"menu_order":1,"comment_status":"closed","ping_status":"open","template":"","meta":{"footnotes":""},"class_list":["post-13","page","type-page","status-publish","hentry"],"_links":{"self":[{"href":"https:\/\/www.razvanbocu.bocu.ro\/index.php?rest_route=\/wp\/v2\/pages\/13","targetHints":{"allow":["GET"]}}],"collection":[{"href":"https:\/\/www.razvanbocu.bocu.ro\/index.php?rest_route=\/wp\/v2\/pages"}],"about":[{"href":"https:\/\/www.razvanbocu.bocu.ro\/index.php?rest_route=\/wp\/v2\/types\/page"}],"author":[{"embeddable":true,"href":"https:\/\/www.razvanbocu.bocu.ro\/index.php?rest_route=\/wp\/v2\/users\/1"}],"replies":[{"embeddable":true,"href":"https:\/\/www.razvanbocu.bocu.ro\/index.php?rest_route=%2Fwp%2Fv2%2Fcomments&post=13"}],"version-history":[{"count":11,"href":"https:\/\/www.razvanbocu.bocu.ro\/index.php?rest_route=\/wp\/v2\/pages\/13\/revisions"}],"predecessor-version":[{"id":358,"href":"https:\/\/www.razvanbocu.bocu.ro\/index.php?rest_route=\/wp\/v2\/pages\/13\/revisions\/358"}],"wp:attachment":[{"href":"https:\/\/www.razvanbocu.bocu.ro\/index.php?rest_route=%2Fwp%2Fv2%2Fmedia&parent=13"}],"curies":[{"name":"wp","href":"https:\/\/api.w.org\/{rel}","templated":true}]}}